{"id":210,"date":"2025-06-19T10:53:45","date_gmt":"2025-06-19T10:53:45","guid":{"rendered":"https:\/\/e-posta.mk\/?page_id=210"},"modified":"2025-06-24T06:46:08","modified_gmt":"2025-06-24T06:46:08","slug":"for-developer","status":"publish","type":"page","link":"https:\/\/e-posta.mk\/sq\/for-developer\/","title":{"rendered":"P\u00ebr Zhvilluesin"},"content":{"rendered":"<div data-elementor-type=\"wp-post\" data-elementor-id=\"210\" class=\"elementor elementor-210\" data-elementor-post-type=\"page\">\n\t\t\t\t<div class=\"elementor-element elementor-element-8f18425 e-flex e-con-boxed e-con e-parent\" data-id=\"8f18425\" data-element_type=\"container\" data-settings=\"{&quot;background_background&quot;:&quot;classic&quot;}\">\n\t\t\t\t\t<div class=\"e-con-inner\">\n\t\t<div class=\"elementor-element elementor-element-1073c0c e-con-full e-flex e-con e-child\" data-id=\"1073c0c\" data-element_type=\"container\">\n\t\t\t\t<div class=\"elementor-element elementor-element-39e4734 elementor-widget elementor-widget-heading\" data-id=\"39e4734\" data-element_type=\"widget\" data-widget_type=\"heading.default\">\n\t\t\t\t<div class=\"elementor-widget-container\">\n\t\t\t\t\t<h2 class=\"elementor-heading-title elementor-size-default\">e-Post.mk p\u00ebr Zhvilluesit\n<\/h2>\t\t\t\t<\/div>\n\t\t\t\t<\/div>\n\t\t\t\t<div class=\"elementor-element elementor-element-d5c41b6 elementor-widget elementor-widget-heading\" data-id=\"d5c41b6\" data-element_type=\"widget\" data-widget_type=\"heading.default\">\n\t\t\t\t<div class=\"elementor-widget-container\">\n\t\t\t\t\t<h2 class=\"elementor-heading-title elementor-size-default\">Integroni e-Post.mk n\u00eb aplikacionet dhe sh\u00ebrbimet tuaja p\u00ebr t\u00eb mund\u00ebsuar komunikim dixhital dhe dor\u00ebzim t\u00eb sigurt t\u00eb dokumenteve. Hyni n\u00eb dokumentacionin ton\u00eb t\u00eb API-t, udh\u00ebzuesit e integrimit dhe burimet teknike p\u00ebr t\u00eb filluar shpejt dhe p\u00ebr t\u00eb nd\u00ebrtuar p\u00ebrvoja t\u00eb p\u00ebrsosura p\u00ebr p\u00ebrdoruesit.\n\n\n\n\n\n\n\n\n\n<\/h2>\t\t\t\t<\/div>\n\t\t\t\t<\/div>\n\t\t\t\t<div class=\"elementor-element elementor-element-2d8ce86 elementor-align-left elementor-mobile-align-justify animated-fast elementor-tablet-align-center elementor-invisible elementor-widget elementor-widget-button\" data-id=\"2d8ce86\" data-element_type=\"widget\" data-settings=\"{&quot;_animation&quot;:&quot;fadeIn&quot;,&quot;_animation_delay&quot;:400}\" data-widget_type=\"button.default\">\n\t\t\t\t<div class=\"elementor-widget-container\">\n\t\t\t\t\t\t\t\t\t<div class=\"elementor-button-wrapper\">\n\t\t\t\t\t<a class=\"elementor-button elementor-button-link elementor-size-sm elementor-animation-float\" href=\"#\">\n\t\t\t\t\t\t<span class=\"elementor-button-content-wrapper\">\n\t\t\t\t\t\t<span class=\"elementor-button-icon\">\n\t\t\t\t<svg aria-hidden=\"true\" class=\"e-font-icon-svg e-fas-arrow-right\" viewbox=\"0 0 448 512\" xmlns=\"http:\/\/www.w3.org\/2000\/svg\"><path d=\"M190.5 66.9l22.2-22.2c9.4-9.4 24.6-9.4 33.9 0L441 239c9.4 9.4 9.4 24.6 0 33.9L246.6 467.3c-9.4 9.4-24.6 9.4-33.9 0l-22.2-22.2c-9.5-9.5-9.3-25 .4-34.3L311.4 296H24c-13.3 0-24-10.7-24-24v-32c0-13.3 10.7-24 24-24h287.4L190.9 101.2c-9.8-9.3-10-24.8-.4-34.3z\"><\/path><\/svg>\t\t\t<\/span>\n\t\t\t\t\t\t\t\t\t<span class=\"elementor-button-text\">Filloni<\/span>\n\t\t\t\t\t<\/span>\n\t\t\t\t\t<\/a>\n\t\t\t\t<\/div>\n\t\t\t\t\t\t\t\t<\/div>\n\t\t\t\t<\/div>\n\t\t\t\t<\/div>\n\t\t<div class=\"elementor-element elementor-element-2c1f736 e-con-full e-flex e-con e-child\" data-id=\"2c1f736\" data-element_type=\"container\">\n\t\t\t\t<div class=\"elementor-element elementor-element-d2e3627 elementor-widget elementor-widget-image\" data-id=\"d2e3627\" data-element_type=\"widget\" data-widget_type=\"image.default\">\n\t\t\t\t<div class=\"elementor-widget-container\">\n\t\t\t\t\t\t\t\t\t\t\t\t\t\t\t<img fetchpriority=\"high\" decoding=\"async\" width=\"800\" height=\"800\" src=\"https:\/\/e-posta.mk\/wp-content\/uploads\/2025\/06\/Untitled-design-2025-06-21T103341.055-1024x1024.png\" class=\"attachment-large size-large wp-image-341\" alt=\"\" srcset=\"https:\/\/e-posta.mk\/wp-content\/uploads\/2025\/06\/Untitled-design-2025-06-21T103341.055-1024x1024.png 1024w, https:\/\/e-posta.mk\/wp-content\/uploads\/2025\/06\/Untitled-design-2025-06-21T103341.055-300x300.png 300w, https:\/\/e-posta.mk\/wp-content\/uploads\/2025\/06\/Untitled-design-2025-06-21T103341.055-150x150.png 150w, https:\/\/e-posta.mk\/wp-content\/uploads\/2025\/06\/Untitled-design-2025-06-21T103341.055-768x768.png 768w, https:\/\/e-posta.mk\/wp-content\/uploads\/2025\/06\/Untitled-design-2025-06-21T103341.055-12x12.png 12w, https:\/\/e-posta.mk\/wp-content\/uploads\/2025\/06\/Untitled-design-2025-06-21T103341.055.png 1138w\" sizes=\"(max-width: 800px) 100vw, 800px\" \/>\t\t\t\t\t\t\t\t\t\t\t\t\t\t\t<\/div>\n\t\t\t\t<\/div>\n\t\t\t\t<\/div>\n\t\t\t\t\t<\/div>\n\t\t\t\t<\/div>\n\t\t<div class=\"elementor-element elementor-element-753e3af5 e-flex e-con-boxed e-con e-parent\" data-id=\"753e3af5\" data-element_type=\"container\" data-settings=\"{&quot;background_background&quot;:&quot;classic&quot;}\">\n\t\t\t\t\t<div class=\"e-con-inner\">\n\t\t<div class=\"elementor-element elementor-element-382fe32f e-flex e-con-boxed e-con e-child\" data-id=\"382fe32f\" data-element_type=\"container\">\n\t\t\t\t\t<div class=\"e-con-inner\">\n\t\t\t\t<div class=\"elementor-element elementor-element-1f76abe9 elementor-widget elementor-widget-heading\" data-id=\"1f76abe9\" data-element_type=\"widget\" data-widget_type=\"heading.default\">\n\t\t\t\t<div class=\"elementor-widget-container\">\n\t\t\t\t\t<h2 class=\"elementor-heading-title elementor-size-default\">Udh\u00ebzuesi i Zhvilluesit<\/h2>\t\t\t\t<\/div>\n\t\t\t\t<\/div>\n\t\t\t\t<div class=\"elementor-element elementor-element-657821be elementor-widget elementor-widget-heading\" data-id=\"657821be\" data-element_type=\"widget\" data-widget_type=\"heading.default\">\n\t\t\t\t<div class=\"elementor-widget-container\">\n\t\t\t\t\t<p class=\"elementor-heading-title elementor-size-default\">Gjith\u00e7ka q\u00eb ju nevojitet p\u00ebr t\u00eb filluar: udh\u00ebzues fillestar\u00eb, dokumentacion API, mjedis sandbox dhe m\u00eb shum\u00eb.<\/p>\t\t\t\t<\/div>\n\t\t\t\t<\/div>\n\t\t<div class=\"elementor-element elementor-element-e85cd6a e-grid e-con-full e-con e-child\" data-id=\"e85cd6a\" data-element_type=\"container\">\n\t\t<div class=\"elementor-element elementor-element-b49bc98 e-con-full e-flex e-con e-child\" data-id=\"b49bc98\" data-element_type=\"container\">\n\t\t\t\t<div class=\"elementor-element elementor-element-9ce58b6 elementor-invisible elementor-widget elementor-widget-icon-box\" data-id=\"9ce58b6\" data-element_type=\"widget\" data-settings=\"{&quot;_animation&quot;:&quot;fadeInUp&quot;}\" data-widget_type=\"icon-box.default\">\n\t\t\t\t<div class=\"elementor-widget-container\">\n\t\t\t\t\t\t\t<div class=\"elementor-icon-box-wrapper\">\n\n\t\t\t\n\t\t\t\t\t\t<div class=\"elementor-icon-box-content\">\n\n\t\t\t\t\t\t\t\t\t<h3 class=\"elementor-icon-box-title\">\n\t\t\t\t\t\t<span  >\n\t\t\t\t\t\t\tIntegrimi i Zhvilluesit\t\t\t\t\t\t<\/span>\n\t\t\t\t\t<\/h3>\n\t\t\t\t\n\t\t\t\t\t\t\t\t\t<p class=\"elementor-icon-box-description\">\n\t\t\t\t\t\tFILLIMI K\u00cbTU\t\t\t\t\t<\/p>\n\t\t\t\t\n\t\t\t<\/div>\n\t\t\t\n\t\t<\/div>\n\t\t\t\t\t\t<\/div>\n\t\t\t\t<\/div>\n\t\t\t\t<div class=\"elementor-element elementor-element-1e0ee86 elementor-widget elementor-widget-text-editor\" data-id=\"1e0ee86\" data-element_type=\"widget\" data-widget_type=\"text-editor.default\">\n\t\t\t\t<div class=\"elementor-widget-container\">\n\t\t\t\t\t\t\t\t\t<p data-start=\"443\" data-end=\"604\">T\u00eb rinj n\u00eb e-Post.mk? M\u00ebsoni se \u00e7far\u00eb ofron platforma dhe si mund t\u00eb filloni integrimin e sh\u00ebrbimeve tona n\u00eb biznesin tuaj. Eksploroni fushat kryesore:<\/p><ul data-start=\"606\" data-end=\"727\"><li data-start=\"606\" data-end=\"634\"><p data-start=\"608\" data-end=\"634\"><a class=\"\" href=\"#\" rel=\"noopener\" data-start=\"608\" data-end=\"632\">Mjedisi Sandbox<\/a><\/p><\/li><li data-start=\"635\" data-end=\"661\"><p data-start=\"637\" data-end=\"661\"><a class=\"\" href=\"#\" rel=\"noopener\" data-start=\"637\" data-end=\"659\">Qasje n\u00eb Prodhim<\/a><\/p><\/li><li data-start=\"662\" data-end=\"690\"><p data-start=\"664\" data-end=\"690\"><a class=\"\" href=\"#\" rel=\"noopener\" data-start=\"664\" data-end=\"688\">Regjistrimi i Qiramarr\u00ebsit<\/a><\/p><\/li><li data-start=\"691\" data-end=\"727\"><p data-start=\"693\" data-end=\"727\"><a class=\"\" href=\"#\" rel=\"noopener\" data-start=\"693\" data-end=\"727\">P\u00ebrputhshm\u00ebria dhe Integrimi Ligjor<\/a><\/p><\/li><\/ul>\t\t\t\t\t\t\t\t<\/div>\n\t\t\t\t<\/div>\n\t\t\t\t<\/div>\n\t\t<div class=\"elementor-element elementor-element-749707b e-con-full e-flex e-con e-child\" data-id=\"749707b\" data-element_type=\"container\">\n\t\t\t\t<div class=\"elementor-element elementor-element-8992883 elementor-invisible elementor-widget elementor-widget-icon-box\" data-id=\"8992883\" data-element_type=\"widget\" data-settings=\"{&quot;_animation&quot;:&quot;fadeInUp&quot;}\" data-widget_type=\"icon-box.default\">\n\t\t\t\t<div class=\"elementor-widget-container\">\n\t\t\t\t\t\t\t<div class=\"elementor-icon-box-wrapper\">\n\n\t\t\t\n\t\t\t\t\t\t<div class=\"elementor-icon-box-content\">\n\n\t\t\t\t\t\t\t\t\t<h3 class=\"elementor-icon-box-title\">\n\t\t\t\t\t\t<span  >\n\t\t\t\t\t\t\t Flukset e Pun\u00ebs s\u00eb Pagesave\t\t\t\t\t\t<\/span>\n\t\t\t\t\t<\/h3>\n\t\t\t\t\n\t\t\t\t\t\t\t\t\t<p class=\"elementor-icon-box-description\">\n\t\t\t\t\t\tPAGESAT DIXHITAL\u00cb T\u00cb B\u00cbRA M\u00cb T\u00cb LEHT\u00cb\n\t\t\t\t\t<\/p>\n\t\t\t\t\n\t\t\t<\/div>\n\t\t\t\n\t\t<\/div>\n\t\t\t\t\t\t<\/div>\n\t\t\t\t<\/div>\n\t\t\t\t<div class=\"elementor-element elementor-element-09389de elementor-widget elementor-widget-text-editor\" data-id=\"09389de\" data-element_type=\"widget\" data-widget_type=\"text-editor.default\">\n\t\t\t\t<div class=\"elementor-widget-container\">\n\t\t\t\t\t\t\t\t\t<p data-start=\"761\" data-end=\"897\">D\u00ebrgoni fatura dhe mblidhni pagesat n\u00eb m\u00ebnyr\u00eb t\u00eb sigurt p\u00ebrmes e-Post.mk. Flukse t\u00eb pand\u00ebrprera q\u00eb i p\u00ebrshtaten \u00e7do nevoje faturimi.<\/p><ul data-start=\"899\" data-end=\"1008\"><li data-start=\"899\" data-end=\"911\"><p data-start=\"901\" data-end=\"911\">Faturat<\/p><\/li><li data-start=\"912\" data-end=\"941\"><p data-start=\"914\" data-end=\"941\">Porta t\u00eb Shum\u00ebfishta Pagesash<\/p><\/li><li data-start=\"942\" data-end=\"965\"><p data-start=\"944\" data-end=\"965\">Opsionet e k\u00ebsteve<\/p><\/li><li data-start=\"966\" data-end=\"1008\"><p data-start=\"968\" data-end=\"1008\">Integrimi i Pagesave Mobile (p.sh., M-Pay)<\/p><\/li><\/ul>\t\t\t\t\t\t\t\t<\/div>\n\t\t\t\t<\/div>\n\t\t\t\t<\/div>\n\t\t<div class=\"elementor-element elementor-element-0cd86a4 e-con-full e-flex e-con e-child\" data-id=\"0cd86a4\" data-element_type=\"container\">\n\t\t\t\t<div class=\"elementor-element elementor-element-705c8ab elementor-invisible elementor-widget elementor-widget-icon-box\" data-id=\"705c8ab\" data-element_type=\"widget\" data-settings=\"{&quot;_animation&quot;:&quot;fadeInUp&quot;}\" data-widget_type=\"icon-box.default\">\n\t\t\t\t<div class=\"elementor-widget-container\">\n\t\t\t\t\t\t\t<div class=\"elementor-icon-box-wrapper\">\n\n\t\t\t\n\t\t\t\t\t\t<div class=\"elementor-icon-box-content\">\n\n\t\t\t\t\t\t\t\t\t<h3 class=\"elementor-icon-box-title\">\n\t\t\t\t\t\t<span  >\n\t\t\t\t\t\t\tRrjedhat e shkronjave\t\t\t\t\t\t<\/span>\n\t\t\t\t\t<\/h3>\n\t\t\t\t\n\t\t\t\t\t\t\t\t\t<p class=\"elementor-icon-box-description\">\n\t\t\t\t\t\tJO M\u00cb LET\u00cbR. VET\u00cbM D\u00cbRGIM ELEKTRONIK.\n\t\t\t\t\t<\/p>\n\t\t\t\t\n\t\t\t<\/div>\n\t\t\t\n\t\t<\/div>\n\t\t\t\t\t\t<\/div>\n\t\t\t\t<\/div>\n\t\t\t\t<div class=\"elementor-element elementor-element-c6f2717 elementor-widget elementor-widget-text-editor\" data-id=\"c6f2717\" data-element_type=\"widget\" data-widget_type=\"text-editor.default\">\n\t\t\t\t<div class=\"elementor-widget-container\">\n\t\t\t\t\t\t\t\t\t<p data-start=\"1037\" data-end=\"1183\">P\u00ebrdorni e-Post.mk p\u00ebr t\u00eb d\u00ebrguar letra dixhitale, flet\u00ebpagesa, konfirmime dhe m\u00eb shum\u00eb - t\u00eb sigurta, t\u00eb gjurmueshme dhe t\u00eb menj\u00ebhershme.<\/p><ul data-start=\"1185\" data-end=\"1273\"><li data-start=\"1185\" data-end=\"1206\"><p data-start=\"1187\" data-end=\"1206\">Letra dhe Njoftime<\/p><\/li><li data-start=\"1207\" data-end=\"1223\"><p data-start=\"1209\" data-end=\"1223\">Flet\u00ebpagesat<\/p><\/li><li data-start=\"1224\" data-end=\"1251\"><p data-start=\"1226\" data-end=\"1251\">Takime dhe Rezervime<\/p><\/li><li data-start=\"1252\" data-end=\"1273\"><p data-start=\"1254\" data-end=\"1273\">Mb\u00ebshtetje p\u00ebr n\u00ebnshkrimin elektronik<\/p><\/li><\/ul>\t\t\t\t\t\t\t\t<\/div>\n\t\t\t\t<\/div>\n\t\t\t\t<\/div>\n\t\t<div class=\"elementor-element elementor-element-f51b752 e-con-full e-flex e-con e-child\" data-id=\"f51b752\" data-element_type=\"container\">\n\t\t\t\t<div class=\"elementor-element elementor-element-ccb3264 elementor-invisible elementor-widget elementor-widget-icon-box\" data-id=\"ccb3264\" data-element_type=\"widget\" data-settings=\"{&quot;_animation&quot;:&quot;fadeInUp&quot;}\" data-widget_type=\"icon-box.default\">\n\t\t\t\t<div class=\"elementor-widget-container\">\n\t\t\t\t\t\t\t<div class=\"elementor-icon-box-wrapper\">\n\n\t\t\t\n\t\t\t\t\t\t<div class=\"elementor-icon-box-content\">\n\n\t\t\t\t\t\t\t\t\t<h3 class=\"elementor-icon-box-title\">\n\t\t\t\t\t\t<span  >\n\t\t\t\t\t\t\tFlukse shtes\u00eb\t\t\t\t\t\t<\/span>\n\t\t\t\t\t<\/h3>\n\t\t\t\t\n\t\t\t\t\t\t\t\t\t<p class=\"elementor-icon-box-description\">\n\t\t\t\t\t\tZGJERO \u00c7FAR\u00cb MUND T\u00cb B\u00cbSH\n\t\t\t\t\t<\/p>\n\t\t\t\t\n\t\t\t<\/div>\n\t\t\t\n\t\t<\/div>\n\t\t\t\t\t\t<\/div>\n\t\t\t\t<\/div>\n\t\t\t\t<div class=\"elementor-element elementor-element-c62cdbf elementor-widget elementor-widget-text-editor\" data-id=\"c62cdbf\" data-element_type=\"widget\" data-widget_type=\"text-editor.default\">\n\t\t\t\t<div class=\"elementor-widget-container\">\n\t\t\t\t\t\t\t\t\t<p data-start=\"1306\" data-end=\"1421\">API-t\u00eb tona t\u00eb p\u00ebrparuara mb\u00ebshtesin nj\u00eb gam\u00eb t\u00eb gjer\u00eb rastesh p\u00ebrdorimi - p\u00ebrtej mesazheve dhe faturave.<\/p><ul data-start=\"1423\" data-end=\"1563\"><li data-start=\"1423\" data-end=\"1450\"><p data-start=\"1425\" data-end=\"1450\">P\u00ebrmbajtje HTML e P\u00ebrgjegjshme<\/p><\/li><li data-start=\"1451\" data-end=\"1471\"><p data-start=\"1453\" data-end=\"1471\">Faturat Dixhitale<\/p><\/li><li data-start=\"1472\" data-end=\"1495\"><p data-start=\"1474\" data-end=\"1495\">Fushatat e Marketingut<\/p><\/li><li data-start=\"1496\" data-end=\"1523\"><p data-start=\"1498\" data-end=\"1523\">Formular\u00eb p\u00ebr Reagime dhe Anketa<\/p><\/li><li data-start=\"1524\" data-end=\"1548\"><p data-start=\"1526\" data-end=\"1548\">Letra elektronike t\u00eb regjistruara<\/p><\/li><li data-start=\"1549\" data-end=\"1563\"><p data-start=\"1551\" data-end=\"1563\">Ftesat e P\u00ebrdoruesit<\/p><\/li><\/ul>\t\t\t\t\t\t\t\t<\/div>\n\t\t\t\t<\/div>\n\t\t\t\t<\/div>\n\t\t\t\t<\/div>\n\t\t\t\t\t<\/div>\n\t\t\t\t<\/div>\n\t\t\t\t\t<\/div>\n\t\t\t\t<\/div>\n\t\t<div class=\"elementor-element elementor-element-5d8ada73 e-con-full e-flex e-con e-parent\" data-id=\"5d8ada73\" data-element_type=\"container\" data-settings=\"{&quot;background_background&quot;:&quot;classic&quot;}\">\n\t\t<div class=\"elementor-element elementor-element-4056c30d e-con-full e-flex e-con e-child\" data-id=\"4056c30d\" data-element_type=\"container\">\n\t\t\t\t<div class=\"elementor-element elementor-element-92c0b4b elementor-widget elementor-widget-heading\" data-id=\"92c0b4b\" data-element_type=\"widget\" data-widget_type=\"heading.default\">\n\t\t\t\t<div class=\"elementor-widget-container\">\n\t\t\t\t\t<h2 class=\"elementor-heading-title elementor-size-default\">Gati p\u00ebr t\u00eb nd\u00ebrtuar?<\/h2>\t\t\t\t<\/div>\n\t\t\t\t<\/div>\n\t\t\t\t<div class=\"elementor-element elementor-element-75437bcf elementor-widget elementor-widget-heading\" data-id=\"75437bcf\" data-element_type=\"widget\" data-widget_type=\"heading.default\">\n\t\t\t\t<div class=\"elementor-widget-container\">\n\t\t\t\t\t<h3 class=\"elementor-heading-title elementor-size-default\">Vizitoni Portalin ton\u00eb t\u00eb Zhvilluesve p\u00ebr dokumentet e plota t\u00eb API-t, SDK-t\u00eb dhe udh\u00ebzuesit e nisjes s\u00eb shpejt\u00eb.<\/h3>\t\t\t\t<\/div>\n\t\t\t\t<\/div>\n\t\t\t\t<div class=\"elementor-element elementor-element-75a238a elementor-mobile-align-justify animated-fast elementor-align-left elementor-tablet-align-center elementor-invisible elementor-widget elementor-widget-button\" data-id=\"75a238a\" data-element_type=\"widget\" data-settings=\"{&quot;_animation&quot;:&quot;fadeIn&quot;,&quot;_animation_delay&quot;:400}\" data-widget_type=\"button.default\">\n\t\t\t\t<div class=\"elementor-widget-container\">\n\t\t\t\t\t\t\t\t\t<div class=\"elementor-button-wrapper\">\n\t\t\t\t\t<a class=\"elementor-button elementor-button-link elementor-size-sm elementor-animation-float\" href=\"#\">\n\t\t\t\t\t\t<span class=\"elementor-button-content-wrapper\">\n\t\t\t\t\t\t<span class=\"elementor-button-icon\">\n\t\t\t\t<svg aria-hidden=\"true\" class=\"e-font-icon-svg e-fas-arrow-right\" viewbox=\"0 0 448 512\" xmlns=\"http:\/\/www.w3.org\/2000\/svg\"><path d=\"M190.5 66.9l22.2-22.2c9.4-9.4 24.6-9.4 33.9 0L441 239c9.4 9.4 9.4 24.6 0 33.9L246.6 467.3c-9.4 9.4-24.6 9.4-33.9 0l-22.2-22.2c-9.5-9.5-9.3-25 .4-34.3L311.4 296H24c-13.3 0-24-10.7-24-24v-32c0-13.3 10.7-24 24-24h287.4L190.9 101.2c-9.8-9.3-10-24.8-.4-34.3z\"><\/path><\/svg>\t\t\t<\/span>\n\t\t\t\t\t\t\t\t\t<span class=\"elementor-button-text\">Merrni nj\u00eb ofert\u00eb<\/span>\n\t\t\t\t\t<\/span>\n\t\t\t\t\t<\/a>\n\t\t\t\t<\/div>\n\t\t\t\t\t\t\t\t<\/div>\n\t\t\t\t<\/div>\n\t\t\t\t<\/div>\n\t\t<div class=\"elementor-element elementor-element-55b7f10 e-con-full elementor-hidden-tablet elementor-hidden-mobile e-flex e-con e-child\" data-id=\"55b7f10\" data-element_type=\"container\" data-settings=\"{&quot;background_background&quot;:&quot;classic&quot;}\">\n\t\t\t\t<\/div>\n\t\t\t\t<\/div>\n\t\t\t\t<\/div>","protected":false},"excerpt":{"rendered":"<p>e-Post.mk for Developers Integrate e-Post.mk into your apps and services to enable secure digital communication and document delivery. Access our API documentation, onboarding guides, and technical resources to get started quickly and build seamless user experiences. Get Started Developer Guide Everything you need to get started: onboarding guides, API documentation, sandbox environment, and more. Developer [&hellip;]<\/p>","protected":false},"author":3,"featured_media":0,"parent":0,"menu_order":0,"comment_status":"closed","ping_status":"closed","template":"","meta":{"footnotes":""},"class_list":["post-210","page","type-page","status-publish","hentry"],"_links":{"self":[{"href":"https:\/\/e-posta.mk\/sq\/wp-json\/wp\/v2\/pages\/210","targetHints":{"allow":["GET"]}}],"collection":[{"href":"https:\/\/e-posta.mk\/sq\/wp-json\/wp\/v2\/pages"}],"about":[{"href":"https:\/\/e-posta.mk\/sq\/wp-json\/wp\/v2\/types\/page"}],"author":[{"embeddable":true,"href":"https:\/\/e-posta.mk\/sq\/wp-json\/wp\/v2\/users\/3"}],"replies":[{"embeddable":true,"href":"https:\/\/e-posta.mk\/sq\/wp-json\/wp\/v2\/comments?post=210"}],"version-history":[{"count":133,"href":"https:\/\/e-posta.mk\/sq\/wp-json\/wp\/v2\/pages\/210\/revisions"}],"predecessor-version":[{"id":859,"href":"https:\/\/e-posta.mk\/sq\/wp-json\/wp\/v2\/pages\/210\/revisions\/859"}],"wp:attachment":[{"href":"https:\/\/e-posta.mk\/sq\/wp-json\/wp\/v2\/media?parent=210"}],"curies":[{"name":"wp","href":"https:\/\/api.w.org\/{rel}","templated":true}]}}